{"id":24741,"date":"2025-03-14T15:42:13","date_gmt":"2025-03-14T14:42:13","guid":{"rendered":"https:\/\/mccallumsurf-france.com\/?page_id=24741"},"modified":"2025-03-18T16:05:32","modified_gmt":"2025-03-18T15:05:32","slug":"accueil","status":"publish","type":"page","link":"https:\/\/mccallumsurf-france.com\/en\/","title":{"rendered":"Home"},"content":{"rendered":"","protected":false},"excerpt":{"rendered":"","protected":false},"author":2,"featured_media":24733,"parent":0,"menu_order":0,"comment_status":"closed","ping_status":"closed","template":"","meta":{"_seopress_robots_primary_cat":"","_seopress_titles_title":"Jeff McCallum Surfboards France | Planches de Surf par Shapers Club","_seopress_titles_desc":"D\u00e9couvrez les planches iconiques de Jeff McCallum (PDX, Mini Simmons, T-Egg), fabriqu\u00e9es artisanalement en France. Personnalisez votre planche d\u00e8s maintenant.","_seopress_robots_index":"","inline_featured_image":false,"footnotes":""},"class_list":["post-24741","page","type-page","status-publish","has-post-thumbnail","hentry"],"acpt":null,"_links":{"self":[{"href":"https:\/\/mccallumsurf-france.com\/en\/wp-json\/wp\/v2\/pages\/24741","targetHints":{"allow":["GET"]}}],"collection":[{"href":"https:\/\/mccallumsurf-france.com\/en\/wp-json\/wp\/v2\/pages"}],"about":[{"href":"https:\/\/mccallumsurf-france.com\/en\/wp-json\/wp\/v2\/types\/page"}],"author":[{"embeddable":true,"href":"https:\/\/mccallumsurf-france.com\/en\/wp-json\/wp\/v2\/users\/2"}],"replies":[{"embeddable":true,"href":"https:\/\/mccallumsurf-france.com\/en\/wp-json\/wp\/v2\/comments?post=24741"}],"version-history":[{"count":0,"href":"https:\/\/mccallumsurf-france.com\/en\/wp-json\/wp\/v2\/pages\/24741\/revisions"}],"wp:featuredmedia":[{"embeddable":true,"href":"https:\/\/mccallumsurf-france.com\/en\/wp-json\/wp\/v2\/media\/24733"}],"wp:attachment":[{"href":"https:\/\/mccallumsurf-france.com\/en\/wp-json\/wp\/v2\/media?parent=24741"}],"curies":[{"name":"wp","href":"https:\/\/api.w.org\/{rel}","templated":true}]}}